{"id":23,"date":"2013-04-14T17:13:15","date_gmt":"2013-04-14T16:13:15","guid":{"rendered":"http:\/\/www.vercau.com\/USA2013\/?page_id=23"},"modified":"2013-06-24T14:27:47","modified_gmt":"2013-06-24T13:27:47","slug":"voiture","status":"publish","type":"page","link":"http:\/\/www.vercau.com\/USA2013\/voiture\/","title":{"rendered":"Location 4&#215;4"},"content":{"rendered":"<p>R\u00e9servation chez Avis d&rsquo;un mod\u00e8le Grand 4&#215;4.<\/p>\n<p><a href=\"http:\/\/www.vercau.com\/USA2013\/wp-content\/uploads\/2013\/04\/Location-AVIS1.png\"><img loading=\"lazy\" class=\"alignleft size-full wp-image-230\" alt=\"Location AVIS\" src=\"http:\/\/www.vercau.com\/USA2013\/wp-content\/uploads\/2013\/04\/Location-AVIS1.png\" width=\"615\" height=\"359\" srcset=\"http:\/\/www.vercau.com\/USA2013\/wp-content\/uploads\/2013\/04\/Location-AVIS1.png 615w, http:\/\/www.vercau.com\/USA2013\/wp-content\/uploads\/2013\/04\/Location-AVIS1-300x175.png 300w\" sizes=\"(max-width: 615px) 100vw, 615px\" \/><\/a><\/p>\n<p>&nbsp;<\/p>\n<p>Equivalent au Chevrolet Tahoe :<\/p>\n<p><a href=\"http:\/\/www.vercau.com\/USA2013\/wp-content\/uploads\/2013\/04\/chevrolet-tahoe.jpg\"><img loading=\"lazy\" class=\"alignnone size-medium wp-image-24\" alt=\"chevrolet-tahoe\" src=\"http:\/\/www.vercau.com\/USA2013\/wp-content\/uploads\/2013\/04\/chevrolet-tahoe-300x155.jpg\" width=\"300\" height=\"155\" srcset=\"http:\/\/www.vercau.com\/USA2013\/wp-content\/uploads\/2013\/04\/chevrolet-tahoe-300x155.jpg 300w, http:\/\/www.vercau.com\/USA2013\/wp-content\/uploads\/2013\/04\/chevrolet-tahoe.jpg 600w\" sizes=\"(max-width: 300px) 100vw, 300px\" \/><\/a><\/p>\n<p>Ou au GMC Yukon :<\/p>\n<p><a href=\"http:\/\/www.vercau.com\/USA2013\/wp-content\/uploads\/2013\/04\/GMC-Yukon.jpg\"><img loading=\"lazy\" class=\"alignnone size-medium wp-image-30\" alt=\"GMC-Yukon\" src=\"http:\/\/www.vercau.com\/USA2013\/wp-content\/uploads\/2013\/04\/GMC-Yukon-300x225.jpg\" width=\"300\" height=\"225\" srcset=\"http:\/\/www.vercau.com\/USA2013\/wp-content\/uploads\/2013\/04\/GMC-Yukon-300x225.jpg 300w, http:\/\/www.vercau.com\/USA2013\/wp-content\/uploads\/2013\/04\/GMC-Yukon.jpg 800w\" sizes=\"(max-width: 300px) 100vw, 300px\" \/><\/a><\/p>\n<p>Ou bien une Ford Expedition de No\u00ebl \ud83d\ude42<\/p>\n<p><a href=\"http:\/\/www.vercau.com\/USA2013\/wp-content\/uploads\/2013\/04\/ford_expedition.jpg\"><img loading=\"lazy\" class=\"alignnone size-medium wp-image-48\" alt=\"ford_expedition\" src=\"http:\/\/www.vercau.com\/USA2013\/wp-content\/uploads\/2013\/04\/ford_expedition-300x225.jpg\" width=\"300\" height=\"225\" srcset=\"http:\/\/www.vercau.com\/USA2013\/wp-content\/uploads\/2013\/04\/ford_expedition-300x225.jpg 300w, http:\/\/www.vercau.com\/USA2013\/wp-content\/uploads\/2013\/04\/ford_expedition-1024x768.jpg 1024w, http:\/\/www.vercau.com\/USA2013\/wp-content\/uploads\/2013\/04\/ford_expedition.jpg 2048w\" sizes=\"(max-width: 300px) 100vw, 300px\" \/><\/a><\/p>\n<p>&nbsp;<\/p>\n<p>Finalement, nous avons un GMC YUKON XL noir flambant neuf (160 miles au compteur) :<\/p>\n<p><a href=\"http:\/\/www.vercau.com\/USA2013\/wp-content\/uploads\/2013\/06\/20130624-062646.jpg\"><img src=\"http:\/\/www.vercau.com\/USA2013\/wp-content\/uploads\/2013\/06\/20130624-062646.jpg\" alt=\"20130624-062646.jpg\" class=\"alignnone size-full\" \/><\/a><\/p>\n<p><a href=\"http:\/\/www.vercau.com\/USA2013\/wp-content\/uploads\/2013\/06\/20130624-062723.jpg\"><img src=\"http:\/\/www.vercau.com\/USA2013\/wp-content\/uploads\/2013\/06\/20130624-062723.jpg\" alt=\"20130624-062723.jpg\" class=\"alignnone size-full\" \/><\/a><\/p>\n<p><a href=\"http:\/\/www.vercau.com\/USA2013\/wp-content\/uploads\/2013\/06\/20130624-062738.jpg\"><img src=\"http:\/\/www.vercau.com\/USA2013\/wp-content\/uploads\/2013\/06\/20130624-062738.jpg\" alt=\"20130624-062738.jpg\" class=\"alignnone size-full\" \/><\/a><\/p>\n","protected":false},"excerpt":{"rendered":"<p>R\u00e9servation chez Avis d&rsquo;un mod\u00e8le Grand 4&#215;4. &nbsp; Equivalent au Chevrolet Tahoe : Ou au GMC Yukon : Ou bien une Ford Expedition de No\u00ebl \ud83d\ude42 &nbsp; Finalement, nous avons un GMC YUKON XL noir flambant neuf (160 miles au compteur) :<\/p>\n","protected":false},"author":1,"featured_media":0,"parent":0,"menu_order":0,"comment_status":"open","ping_status":"open","template":"","meta":[],"_links":{"self":[{"href":"http:\/\/www.vercau.com\/USA2013\/wp-json\/wp\/v2\/pages\/23"}],"collection":[{"href":"http:\/\/www.vercau.com\/USA2013\/wp-json\/wp\/v2\/pages"}],"about":[{"href":"http:\/\/www.vercau.com\/USA2013\/wp-json\/wp\/v2\/types\/page"}],"author":[{"embeddable":true,"href":"http:\/\/www.vercau.com\/USA2013\/wp-json\/wp\/v2\/users\/1"}],"replies":[{"embeddable":true,"href":"http:\/\/www.vercau.com\/USA2013\/wp-json\/wp\/v2\/comments?post=23"}],"version-history":[{"count":12,"href":"http:\/\/www.vercau.com\/USA2013\/wp-json\/wp\/v2\/pages\/23\/revisions"}],"predecessor-version":[{"id":329,"href":"http:\/\/www.vercau.com\/USA2013\/wp-json\/wp\/v2\/pages\/23\/revisions\/329"}],"wp:attachment":[{"href":"http:\/\/www.vercau.com\/USA2013\/wp-json\/wp\/v2\/media?parent=23"}],"curies":[{"name":"wp","href":"https:\/\/api.w.org\/{rel}","templated":true}]}}